{"id":116,"date":"2017-05-21T20:40:46","date_gmt":"2017-05-21T20:40:46","guid":{"rendered":"http:\/\/morena-wird-wild.ch\/?page_id=116"},"modified":"2017-05-26T11:29:55","modified_gmt":"2017-05-26T11:29:55","slug":"q-a","status":"publish","type":"page","link":"https:\/\/dasdessert.ch\/?page_id=116","title":{"rendered":"FAQ"},"content":{"rendered":"<div id=\"faqconc_1_4_5\" class=\"faqconc\" role=\"tablist\" aria-multiselectable=\"true\"><div class=\"faq_item\" id=\"faq378\"><div class=\"faq_q\" id=\"faq378_q\" aria-selected=\"false\" aria-expanded=\"false\" aria-controls =\"faq378_a\" role=\"tab\" tabindex=\"-1\">Wie kann ich die richtige Tortengr\u00f6sse f\u00fcr meine G\u00e4ste bestimmen?<\/div><div class=\"faq_a\" id=\"faq378_a\" aria-labelledby=\"faq378_q\" aria-hidden=\"true\" role=\"tabpanel\"><p>Beispiel der Portionenanzahl bei runden Torten mit jeweils 10 cm H\u00f6he:<br \/>\nDurchmesser 15 cm: 7 gro\u00dfe und 13 kleine Portionen<br \/>\nDurchmesser 20 cm: 12 gro\u00dfe und 22 kleine Portionen<br \/>\nDurchmesser 25 cm: 17 gro\u00dfe und 38 kleine Portionen<br \/>\nDurchmesser 30 cm: 28 gro\u00dfe und 54 kleine Portionen<\/p>\n<\/div><\/div><div class=\"faq_item\" id=\"faq381\"><div class=\"faq_q\" id=\"faq381_q\" aria-selected=\"false\" aria-expanded=\"false\" aria-controls =\"faq381_a\" role=\"tab\" tabindex=\"-1\">Wie bestelle ich?<\/div><div class=\"faq_a\" id=\"faq381_a\" aria-labelledby=\"faq381_q\" aria-hidden=\"true\" role=\"tabpanel\"><p>Ganz einfach: F\u00fcllen Sie einfach das Formular aus und ich senden Ihnen schnellstm\u00f6glich eine Offerte zu. Gerne k\u00f6nnen wir auch telefonieren, (031 534 46 43) oder per Mail in Kontakt treten (info@dasdessert.ch)<\/p>\n<\/div><\/div><div class=\"faq_item\" id=\"faq177\"><div class=\"faq_q\" id=\"faq177_q\" aria-selected=\"false\" aria-expanded=\"false\" aria-controls =\"faq177_a\" role=\"tab\" tabindex=\"-1\">Wie viel im Voraus muss ich bestellen?<\/div><div class=\"faq_a\" id=\"faq177_a\" aria-labelledby=\"faq177_q\" aria-hidden=\"true\" role=\"tabpanel\"><p>Grunds\u00e4tzlich gilt: Je fr\u00fcher desto besser. Festtagstorten mind. 2 Wochen im Voraus. Hochzeitstorten mind. 6 Wochen im Voraus. <\/p>\n<\/div><\/div><div class=\"faq_item\" id=\"faq178\"><div class=\"faq_q\" id=\"faq178_q\" aria-selected=\"false\" aria-expanded=\"false\" aria-controls =\"faq178_a\" role=\"tab\" tabindex=\"-1\">Wie viel kostet eine Torte?<\/div><div class=\"faq_a\" id=\"faq178_a\" aria-labelledby=\"faq178_q\" aria-hidden=\"true\" role=\"tabpanel\"><p>Der Preis richtet sich nach dem Detailaufwand und der Gr\u00f6sse der Torte.<br \/>\nDie meisten Kunden geben f\u00fcr eine Festtagstorte f\u00fcr ca. 15 Personen zwischen 200.- und 400.- aus. Hochzeitstorten bewegen sich, je nach Design, zwischen 15 und 20 Franken pro Portion.<\/p>\n<\/div><\/div><div class=\"faq_item\" id=\"faq377\"><div class=\"faq_q\" id=\"faq377_q\" aria-selected=\"false\" aria-expanded=\"false\" aria-controls =\"faq377_a\" role=\"tab\" tabindex=\"-1\">Wie bezahle ich?<\/div><div class=\"faq_a\" id=\"faq377_a\" aria-labelledby=\"faq377_q\" aria-hidden=\"true\" role=\"tabpanel\"><p>Bar oder auf Rechnung.<\/p>\n<\/div><\/div><div class=\"faq_item\" id=\"faq382\"><div class=\"faq_q\" id=\"faq382_q\" aria-selected=\"false\" aria-expanded=\"false\" aria-controls =\"faq382_a\" role=\"tab\" tabindex=\"-1\">Liefern sie oder muss ich die Torte abholen?<\/div><div class=\"faq_a\" id=\"faq382_a\" aria-labelledby=\"faq382_q\" aria-hidden=\"true\" role=\"tabpanel\"><p>Ja. Die Lieferung kostet pro gefahrener Kilometer -.90Rp.<br \/>\nMindestlieferkosten 25.-Fr.<br \/>\nNat\u00fcrlich k\u00f6nnen sie die Torten aber auch selbst abholen.<\/p>\n<\/div><\/div><div class=\"faq_item\" id=\"faq454\"><div class=\"faq_q\" id=\"faq454_q\" aria-selected=\"false\" aria-expanded=\"false\" aria-controls =\"faq454_a\" role=\"tab\" tabindex=\"-1\">Backen sie auch Torten f\u00fcr Allergiker?<\/div><div class=\"faq_a\" id=\"faq454_a\" aria-labelledby=\"faq454_q\" aria-hidden=\"true\" role=\"tabpanel\"><p>Ja. Gerne backe ich f\u00fcr Sie auch gluten- und\/oder laktosefreie Torten.<\/p>\n<\/div><\/div><div class=\"faq_item\" id=\"faq384\"><div class=\"faq_q\" id=\"faq384_q\" aria-selected=\"false\" aria-expanded=\"false\" aria-controls =\"faq384_a\" role=\"tab\" tabindex=\"-1\">Ist alles essbar?<\/div><div class=\"faq_a\" id=\"faq384_a\" aria-labelledby=\"faq384_q\" aria-hidden=\"true\" role=\"tabpanel\"><p>Alle meine Dekorationen werden in Handarbeit und aus ausschliesslich essbaren Materialien hergestellt. Bei Figuren und Blumen verwende ich teilweise Zahnstocher oder Dr\u00e4hte um beispielsweise einen Kopf mit dem K\u00f6rper zu verbinden oder einzelne Bl\u00fctenbl\u00e4tter zusammenzuhalten. Ausserdem sind manchmal die Staubbl\u00e4tter der Blumen aus Plastik. Diese k\u00f6nnen einfach vor dem Essen entfernt werden.<\/p>\n<\/div><\/div><div class=\"faq_item\" id=\"faq383\"><div class=\"faq_q\" id=\"faq383_q\" aria-selected=\"false\" aria-expanded=\"false\" aria-controls =\"faq383_a\" role=\"tab\" tabindex=\"-1\">Wie lange halten sich die Torten?<\/div><div class=\"faq_a\" id=\"faq383_a\" aria-labelledby=\"faq383_q\" aria-hidden=\"true\" role=\"tabpanel\"><p>Die Torten halten sich gut bis zu 4 Tage nach Auslieferung im K\u00fchlschrank. <\/p>\n<\/div><\/div><div class=\"faq_item\" id=\"faq379\"><div class=\"faq_q\" id=\"faq379_q\" aria-selected=\"false\" aria-expanded=\"false\" aria-controls =\"faq379_a\" role=\"tab\" tabindex=\"-1\">Kann ich auch eine mehrst\u00f6ckige Torte f\u00fcr wenig G\u00e4ste bestellen?<\/div><div class=\"faq_a\" id=\"faq379_a\" aria-labelledby=\"faq379_q\" aria-hidden=\"true\" role=\"tabpanel\"><p>Ja. Mit Torten-Attrappen k\u00f6nnen die unteren Etagen im selben Design wie die essbaren oberen Kuchen-Etagen verziert werden. So erhalten Sie auch f\u00fcr wenige G\u00e4ste eine eindrucksvolle Torte.<\/p>\n<\/div><\/div><div class=\"faq_item\" id=\"faq380\"><div class=\"faq_q\" id=\"faq380_q\" aria-selected=\"false\" aria-expanded=\"false\" aria-controls =\"faq380_a\" role=\"tab\" tabindex=\"-1\">Kann man nur Zucker-Figuren oder Zucker-Blumen bestellen?<\/div><div class=\"faq_a\" id=\"faq380_a\" aria-labelledby=\"faq380_q\" aria-hidden=\"true\" role=\"tabpanel\"><p>Ja. Gerne stelle ich Ihnen nach individuellen W\u00fcnschen auch die Dekoration f\u00fcr Ihre Torte her.<\/p>\n<\/div><\/div><\/div>\n","protected":false},"excerpt":{"rendered":"","protected":false},"author":1,"featured_media":0,"parent":0,"menu_order":0,"comment_status":"closed","ping_status":"closed","template":"page-fullwidth.php","meta":[],"_links":{"self":[{"href":"https:\/\/dasdessert.ch\/index.php?rest_route=\/wp\/v2\/pages\/116"}],"collection":[{"href":"https:\/\/dasdessert.ch\/index.php?rest_route=\/wp\/v2\/pages"}],"about":[{"href":"https:\/\/dasdessert.ch\/index.php?rest_route=\/wp\/v2\/types\/page"}],"author":[{"embeddable":true,"href":"https:\/\/dasdessert.ch\/index.php?rest_route=\/wp\/v2\/users\/1"}],"replies":[{"embeddable":true,"href":"https:\/\/dasdessert.ch\/index.php?rest_route=%2Fwp%2Fv2%2Fcomments&post=116"}],"version-history":[{"count":8,"href":"https:\/\/dasdessert.ch\/index.php?rest_route=\/wp\/v2\/pages\/116\/revisions"}],"predecessor-version":[{"id":182,"href":"https:\/\/dasdessert.ch\/index.php?rest_route=\/wp\/v2\/pages\/116\/revisions\/182"}],"wp:attachment":[{"href":"https:\/\/dasdessert.ch\/index.php?rest_route=%2Fwp%2Fv2%2Fmedia&parent=116"}],"curies":[{"name":"wp","href":"https:\/\/api.w.org\/{rel}","templated":true}]}}