{"id":89,"date":"2017-05-15T21:12:58","date_gmt":"2017-05-15T21:12:58","guid":{"rendered":"http:\/\/morena-wird-wild.ch\/?page_id=89"},"modified":"2017-06-01T12:16:51","modified_gmt":"2017-06-01T12:16:51","slug":"torten","status":"publish","type":"page","link":"https:\/\/dasdessert.ch\/?page_id=89","title":{"rendered":"Geschmack"},"content":{"rendered":"<div id=\"pl-89\"  class=\"panel-layout\" ><div id=\"pg-89-0\"  class=\"panel-grid panel-no-style\" ><div id=\"pgc-89-0-0\"  class=\"panel-grid-cell\" ><div id=\"panel-89-0-0-0\" class=\"so-panel widget widget_sow-editor panel-first-child panel-last-child\" data-index=\"0\" ><div class=\"panel-widget-style panel-widget-style-for-89-0-0-0\" ><div class=\"so-widget-sow-editor so-widget-sow-editor-base\">\n<div class=\"siteorigin-widget-tinymce textwidget\">\n\t<h3 style=\"text-align: center;\"><span style=\"color: #e06db2; font-size: 24pt;\">\u2014\u2014\u2014\u2014\u2014\u2014\u2014\u2014\u2014\u00a0 <strong>Frische und Qualit\u00e4t\u00a0 \u2014<\/strong>\u2014\u2014\u2014\u2014\u2014\u2014\u2014\u2014<\/span><\/h3>\n<p>\u00a0<\/p>\n<p>Meine Desserts kreiere ich f\u00fcr Sie stets mit frischen, saisonalen Zutaten. Mehl, Zucker, Milch und Butter stammen aus Schweizer Produktion. Die Freilandeier beziehe ich aus der Region. Mit meinem hohen Qualit\u00e4tsanspruch will ich sicher gehen, dass meine Torten &amp; Dessertkreationen nicht nur optisch bezaubern, sondern auch im Geschmack unvergesslich sind.<\/p>\n<p>\u00a0<\/p>\n<p>\u00a0<\/p>\n<h3 style=\"text-align: center;\"><span style=\"color: #e06db2;\"><span style=\"font-size: 24pt;\">\u2014\u2014\u2014\u2014\u2014\u2014\u2014\u2014\u2014\u2014\u00a0 <\/span><span style=\"font-size: 24pt;\"><strong>Gaumenfreude\u00a0 <\/strong><\/span><span style=\"font-size: 24pt;\">\u2014\u2014\u2014\u2014\u2014\u2014\u2014\u2014\u2014\u2014\u2014<\/span><br \/> <\/span><\/h3>\n<p>\u00a0<\/p>\n<p><strong>Torten \/ Naked Cake<\/strong><\/p>\n<p>Kombinieren Sie Ihr Wunschgeb\u00e4ck nach Lust und Laune aus der m\u00f6glichen Biskuitboden-Auswahl und den F\u00fcllungsvarianten. Gerne backe ich auf Wunsch auch Torten in anderen Geschmacksrichtungen. Die Torten, ausgenommen die Naked Cakes, werden mit einer d\u00fcnnen Schicht Ganache oder Buttercreme umh\u00fcllt und mit weissem oder farbigen Fondant \u00fcberzogen.<\/p>\n<p>Auf Wunsch backe ich f\u00fcr Sie auch gerne gluten- und\/oder laktosefreie Torten.<\/p>\n<\/div>\n<\/div><\/div><\/div><\/div><\/div><div id=\"pg-89-1\"  class=\"panel-grid panel-no-style\" ><div id=\"pgc-89-1-0\"  class=\"panel-grid-cell\" ><div id=\"panel-89-1-0-0\" class=\"so-panel widget widget_sow-editor panel-first-child panel-last-child\" data-index=\"1\" ><div class=\"so-widget-sow-editor so-widget-sow-editor-base\">\n<div class=\"siteorigin-widget-tinymce textwidget\">\n\t<p>Biskuitboden<\/p>\n<ul>\n<li>Vanille<\/li>\n<li>Schokolade<\/li>\n<li>Zitrone<\/li>\n<li>Kaffee<\/li>\n<li>Mandeln<\/li>\n<li>Haselnuss<\/li>\n<li>Orange<\/li>\n<li>Karotte<\/li>\n<li>K\u00fcrbis<\/li>\n<li>Pistache<\/li>\n<li>Exoticfruit<\/li>\n<li>Lavendel<\/li>\n<li>Kokosnuss<\/li>\n<\/ul>\n<\/div>\n<\/div><\/div><\/div><div id=\"pgc-89-1-1\"  class=\"panel-grid-cell\" ><div id=\"panel-89-1-1-0\" class=\"so-panel widget widget_sow-editor panel-first-child panel-last-child\" data-index=\"2\" ><div class=\"so-widget-sow-editor so-widget-sow-editor-base\">\n<div class=\"siteorigin-widget-tinymce textwidget\">\n\t<p>F\u00fcllungen<\/p><ul><li>Schokolade<\/li><li>Vanille<\/li><li>Himbeere<\/li><li>Heidelbeere<\/li><li>Erdbeere<\/li><li>Maracuja<\/li><li>Mango<\/li><li>Zitrone<\/li><li>Orange<\/li><li>Stracciatella<\/li><li>Tiramisu<\/li><li>Kokosnuss<\/li><li>Kirsche<\/li><\/ul><\/div>\n<\/div><\/div><\/div><\/div><div id=\"pg-89-2\"  class=\"panel-grid panel-no-style\" ><div id=\"pgc-89-2-0\"  class=\"panel-grid-cell\" ><div id=\"panel-89-2-0-0\" class=\"so-panel widget widget_sow-editor panel-first-child panel-last-child\" data-index=\"3\" ><div class=\"panel-widget-style panel-widget-style-for-89-2-0-0\" ><div class=\"so-widget-sow-editor so-widget-sow-editor-base\">\n<div class=\"siteorigin-widget-tinymce textwidget\">\n\t<p><span style=\"color: #ff99cc;\">\u2014\u2014\u2014\u2014\u2014\u2014\u2014\u2014\u2014\u2014\u2014\u2014\u2014\u2014\u2014\u2014\u2014\u2014\u2014\u2014\u2014\u2014\u2014\u2014\u2014\u2014\u2014\u2014\u2014\u2014\u2014\u2014\u2014\u2014\u2014\u2014\u2014\u2014\u2014\u2014\u2014\u2014\u2014\u2014\u2014\u2014\u2014\u2014\u2014\u2014\u2014\u2014\u2014\u2014\u2014\u2014\u2014\u2014\u2014\u2014\u2014\u2014\u2014\u2014\u2014\u2014\u2014\u2014\u2014\u2014\u2014\u2014\u2014\u2014\u2014\u2014\u2014\u2014\u2014<\/p>\n<p><strong>Dessert-Buffet<\/strong><\/p>\n<p>Mousse und Cr\u00e8mes in Gl\u00e4schen, Kuchenst\u00fccke oder ganze Torten - Ich stellen Ihnen gerne ein Dessertbuffet nach Ihren Vorstellungen zusammen.<\/span><\/p>\n<\/div>\n<\/div><\/div><\/div><\/div><\/div><div id=\"pg-89-3\"  class=\"panel-grid panel-no-style\" ><div id=\"pgc-89-3-0\"  class=\"panel-grid-cell\" ><div id=\"panel-89-3-0-0\" class=\"so-panel widget widget_sow-editor panel-first-child panel-last-child\" data-index=\"4\" ><div class=\"so-widget-sow-editor so-widget-sow-editor-base\">\n<div class=\"siteorigin-widget-tinymce textwidget\">\n\t<p>Gl\u00e4ser (50ml)<\/p>\n<ul>\n<li>Chocolatmousse<\/li>\n<li>Mokkamousse<\/li>\n<li>Himbeermousse<\/li>\n<li>Passionsfruchtmousse<\/li>\n<li>Heidelbeermousse<\/li>\n<li>Zitronenmousse<\/li>\n<li>Bananenmousse<\/li>\n<li>Mangomousse<\/li>\n<li>Weitere Fruchtmousse (je nach Saison)<\/li>\n<li>Tiramisu (Klassisch oder mit Fr\u00fcchten)<\/li>\n<li>Bananensplit<\/li>\n<li>Schwarzw\u00e4ldertiramisu<\/li>\n<li>Panna cotta<\/li>\n<li>Cr\u00e8me br\u00fbl\u00e9e<\/li>\n<li>Schwarzteecr\u00e8me<\/li>\n<\/ul>\n<\/div>\n<\/div><\/div><\/div><div id=\"pgc-89-3-1\"  class=\"panel-grid-cell\" ><div id=\"panel-89-3-1-0\" class=\"so-panel widget widget_sow-editor panel-first-child panel-last-child\" data-index=\"5\" ><div class=\"so-widget-sow-editor so-widget-sow-editor-base\">\n<div class=\"siteorigin-widget-tinymce textwidget\">\n\t<p>Mini-Kuchenst\u00fccke und T\u00f6rtchen<\/p>\n<ul>\n<li>Schokoladenschnitten<\/li>\n<li>Brownies<\/li>\n<li>Lemonpie<\/li>\n<li>Apfel-Kokosschnitten<\/li>\n<li>Pistache-K\u00fcrbisschnitten<\/li>\n<li>Mohn-Himbeerschnitten<\/li>\n<li>Zitronen-Lavendelschnitten<\/li>\n<li>Linzertorte<\/li>\n<li>Karottentorte<\/li>\n<li>Zitronenkuchen<\/li>\n<li>Johannisbeerkuchen<\/li>\n<li>Aprikosenstreusel<\/li>\n<li>Blechkuchen (mit diversen Fr\u00fcchten m\u00f6glich)<\/li>\n<li>Quarkschnitten<\/li>\n<li>Mandelkuchen<\/li>\n<li>Windbeutel<\/li>\n<li>\u201eNidle-Chueche\u201c<\/li>\n<\/ul>\n<\/div>\n<\/div><\/div><\/div><\/div><div id=\"pg-89-4\"  class=\"panel-grid panel-no-style\" ><div id=\"pgc-89-4-0\"  class=\"panel-grid-cell\" ><div id=\"panel-89-4-0-0\" class=\"so-panel widget widget_sow-editor panel-first-child panel-last-child\" data-index=\"6\" ><div class=\"so-widget-sow-editor so-widget-sow-editor-base\">\n<div class=\"siteorigin-widget-tinymce textwidget\">\n\t<p>Weiter Geschmacksrichtungen und gr\u00f6ssere Portionen auf Anfrage m\u00f6glich.<\/p>\n<\/div>\n<\/div><\/div><\/div><\/div><\/div>","protected":false},"excerpt":{"rendered":"<p>\u2014\u2014\u2014\u2014\u2014\u2014\u2014\u2014\u2014\u00a0 Frische und Qualit\u00e4t\u00a0 \u2014\u2014\u2014\u2014\u2014\u2014\u2014\u2014\u2014\u00a0Meine Desserts kreiere ich f\u00fcr Sie stets mit frischen, saisonalen Zutaten. Mehl, Zucker, Milch und Butter stammen aus Schweizer Produktion. Die Freilandeier beziehe ich aus der Region. Mit meinem hohen Qualit\u00e4tsanspruch will ich sicher gehen, dass &hellip; <a class=\"kt-excerpt-readmore\" href=\"https:\/\/dasdessert.ch\/?page_id=89\" aria-label=\"Geschmack\">Read More<\/a><\/p>\n","protected":false},"author":1,"featured_media":0,"parent":31,"menu_order":0,"comment_status":"closed","ping_status":"closed","template":"page-fullwidth.php","meta":[],"_links":{"self":[{"href":"https:\/\/dasdessert.ch\/index.php?rest_route=\/wp\/v2\/pages\/89"}],"collection":[{"href":"https:\/\/dasdessert.ch\/index.php?rest_route=\/wp\/v2\/pages"}],"about":[{"href":"https:\/\/dasdessert.ch\/index.php?rest_route=\/wp\/v2\/types\/page"}],"author":[{"embeddable":true,"href":"https:\/\/dasdessert.ch\/index.php?rest_route=\/wp\/v2\/users\/1"}],"replies":[{"embeddable":true,"href":"https:\/\/dasdessert.ch\/index.php?rest_route=%2Fwp%2Fv2%2Fcomments&post=89"}],"version-history":[{"count":116,"href":"https:\/\/dasdessert.ch\/index.php?rest_route=\/wp\/v2\/pages\/89\/revisions"}],"predecessor-version":[{"id":347,"href":"https:\/\/dasdessert.ch\/index.php?rest_route=\/wp\/v2\/pages\/89\/revisions\/347"}],"up":[{"embeddable":true,"href":"https:\/\/dasdessert.ch\/index.php?rest_route=\/wp\/v2\/pages\/31"}],"wp:attachment":[{"href":"https:\/\/dasdessert.ch\/index.php?rest_route=%2Fwp%2Fv2%2Fmedia&parent=89"}],"curies":[{"name":"wp","href":"https:\/\/api.w.org\/{rel}","templated":true}]}}