{"id":91,"date":"2017-05-15T21:13:44","date_gmt":"2017-05-15T21:13:44","guid":{"rendered":"http:\/\/morena-wird-wild.ch\/?page_id=91"},"modified":"2017-06-01T10:33:43","modified_gmt":"2017-06-01T10:33:43","slug":"dessert-buffet","status":"publish","type":"page","link":"https:\/\/dasdessert.ch\/?page_id=91","title":{"rendered":"Preisgestaltung"},"content":{"rendered":"<div id=\"pl-91\"  class=\"panel-layout\" ><div id=\"pg-91-0\"  class=\"panel-grid panel-no-style\" ><div id=\"pgc-91-0-0\"  class=\"panel-grid-cell\" ><div id=\"panel-91-0-0-0\" class=\"so-panel widget widget_sow-editor panel-first-child panel-last-child\" data-index=\"0\" ><div class=\"panel-widget-style panel-widget-style-for-91-0-0-0\" ><div class=\"so-widget-sow-editor so-widget-sow-editor-base\">\n<div class=\"siteorigin-widget-tinymce textwidget\">\n\t<p><strong>Torten<\/strong><\/p>\n<p>Alle Torten werden von mir nach Ihren pers\u00f6nlichen W\u00fcnschen und Vorstellungen mit viel Liebe frisch gebacken und mit aufw\u00e4ndigen von Hand angefertigten Zuckerkreationen dekoriert. Der Preis ist daher sehr variabel und h\u00e4ngt letztendlich von der Gr\u00f6sse &amp; der Dekoration der Torte ab. Gerne lasse ich Ihnen eine auf ihre W\u00fcnsche abgestimmte Offerte zukommen.<\/p>\n<p>&nbsp;<\/p>\n<p>Als Richtpreise gelten:<\/p>\n<p>Grundtorte (10 cm hoch; gef\u00fcllt; mit Fondant \u00fcberzogen)<\/p>\n<p>\u2205\u00a0\u00a0\u00a0 10 cm =\u00a0\u00a0 40.-<br \/>\n\u2205 \u00a0\u00a0 15 cm = \u00a0 60.-<br \/>\n\u2205 \u00a0\u00a0 20 cm =\u00a0\u00a0 80.-<br \/>\n\u2205 \u00a0\u00a0 25 cm = 100.-<br \/>\n\u2205 \u00a0\u00a0 30 cm = 120.-<\/p>\n<p>+ Dekoration = 30 Fr.-\/h<\/p>\n<p><span style=\"color: #ff99cc;\">\u2014\u2014\u2014\u2014\u2014\u2014\u2014\u2014\u2014\u2014\u2014\u2014\u2014\u2014\u2014\u2014\u2014\u2014\u2014\u2014\u2014\u2014\u2014\u2014\u2014\u2014\u2014\u2014\u2014\u2014\u2014\u2014\u2014\u2014\u2014\u2014\u2014\u2014\u2014\u2014\u2014\u2014\u2014\u2014\u2014\u2014\u2014\u2014\u2014\u2014\u2014\u2014\u2014\u2014\u2014\u2014\u2014\u2014\u2014\u2014\u2014\u2014\u2014\u2014\u2014\u2014\u2014\u2014\u2014\u2014\u2014\u2014\u2014\u2014\u2014\u2014\u2014\u2014\u2014<\/span><\/p>\n<p><strong>Dessert-Buffet<\/strong><\/p>\n<p>Gl\u00e4ser 50ml = 2.30 - pro St\u00fcck *<br \/>\nMini-Kuchenst\u00fccke = 1.80 - pro St\u00fcck *<\/p>\n<p>* Mindestbestellmenge 20 St\u00fcck pro Sorte<\/p>\n<p><span style=\"color: #ff99cc;\">\u2014\u2014\u2014\u2014\u2014\u2014\u2014\u2014\u2014\u2014\u2014\u2014\u2014\u2014\u2014\u2014\u2014\u2014\u2014\u2014\u2014\u2014\u2014\u2014\u2014\u2014\u2014\u2014\u2014\u2014\u2014\u2014\u2014\u2014\u2014\u2014\u2014\u2014\u2014\u2014\u2014\u2014\u2014\u2014\u2014\u2014\u2014\u2014\u2014\u2014\u2014\u2014\u2014\u2014\u2014\u2014\u2014\u2014\u2014\u2014\u2014\u2014\u2014\u2014\u2014\u2014\u2014\u2014\u2014\u2014\u2014\u2014\u2014\u2014\u2014\u2014\u2014\u2014\u2014<\/span><\/p>\n<p><strong>Naked cake<\/strong><\/p>\n<p>Ca. 10 -15 cm hoch<\/p>\n<p>\u2205\u00a0\u00a0 10 cm = 35.- *<br \/>\n\u2205\u00a0\u00a0 15 cm = 45.- *<br \/>\n\u2205 \u00a0 20 cm = 55.-<br \/>\n\u2205 \u00a0 25 cm = 65.-<br \/>\n\u2205 \u00a0 30 cm = 75.-<\/p>\n<p>* Mindestbestellwert 50.-<\/p>\n<p><span style=\"color: #ff99cc;\">\u2014\u2014\u2014\u2014\u2014\u2014\u2014\u2014\u2014\u2014\u2014\u2014\u2014\u2014\u2014\u2014\u2014\u2014\u2014\u2014\u2014\u2014\u2014\u2014\u2014\u2014\u2014\u2014\u2014\u2014\u2014\u2014\u2014\u2014\u2014\u2014\u2014\u2014\u2014\u2014\u2014\u2014\u2014\u2014\u2014\u2014\u2014\u2014\u2014\u2014\u2014\u2014\u2014\u2014\u2014\u2014\u2014\u2014\u2014\u2014\u2014\u2014\u2014\u2014\u2014\u2014\u2014\u2014\u2014\u2014\u2014\u2014\u2014\u2014\u2014\u2014\u2014\u2014\u2014<\/span><\/p>\n<p><strong>Lieferung: <\/strong><\/p>\n<p>Die Lieferung kostet pro gefahrener Kilometer -.90 Rp.<br \/>\nMindestlieferkosten 25.- Fr.<\/p>\n<p>Nat\u00fcrlich k\u00f6nnen sie die Torten auch selbst abholen.<\/p>\n<p>Tortenplatten und Pr\u00e4sentationsmaterial werden gegen ein Depot von 50.- Fr. leihweise zur Verf\u00fcgung gestellt und m\u00fcssen innerhalb einer Woche retourniert werden.<\/p>\n<p><span style=\"color: #ff99cc;\">\u2014\u2014\u2014\u2014\u2014\u2014\u2014\u2014\u2014\u2014\u2014\u2014\u2014\u2014\u2014\u2014\u2014\u2014\u2014\u2014\u2014\u2014\u2014\u2014\u2014\u2014\u2014\u2014\u2014\u2014\u2014\u2014\u2014\u2014\u2014\u2014\u2014\u2014\u2014\u2014\u2014\u2014\u2014\u2014\u2014\u2014\u2014\u2014\u2014\u2014\u2014\u2014\u2014\u2014\u2014\u2014\u2014\u2014\u2014\u2014\u2014\u2014\u2014\u2014\u2014\u2014\u2014\u2014\u2014\u2014\u2014\u2014\u2014\u2014\u2014\u2014\u2014\u2014\u2014<\/span><\/p>\n<\/div>\n<\/div><\/div><\/div><\/div><\/div><div id=\"pg-91-1\"  class=\"panel-grid panel-no-style\" ><div id=\"pgc-91-1-0\"  class=\"panel-grid-cell\" ><div id=\"panel-91-1-0-0\" class=\"so-panel widget widget_sow-image panel-first-child panel-last-child\" data-index=\"1\" ><div class=\"so-widget-sow-image so-widget-sow-image-default-d6014b76747a\">\n\n<div class=\"sow-image-container\">\n\t<img src=\"https:\/\/dasdessert.ch\/wp-content\/uploads\/2017\/05\/1-21.jpg\" width=\"640\" height=\"800\" srcset=\"https:\/\/dasdessert.ch\/wp-content\/uploads\/2017\/05\/1-21.jpg 640w, https:\/\/dasdessert.ch\/wp-content\/uploads\/2017\/05\/1-21-240x300.jpg 240w\" sizes=\"(max-width: 640px) 100vw, 640px\" title=\"1\" alt=\"\" \t\tclass=\"so-widget-image\"\/>\n<\/div>\n\n<\/div><\/div><\/div><div id=\"pgc-91-1-1\"  class=\"panel-grid-cell\" ><div id=\"panel-91-1-1-0\" class=\"so-panel widget widget_sow-image panel-first-child panel-last-child\" data-index=\"2\" ><div class=\"so-widget-sow-image so-widget-sow-image-default-d6014b76747a\">\n\n<div class=\"sow-image-container\">\n\t<img src=\"https:\/\/dasdessert.ch\/wp-content\/uploads\/2017\/05\/2-18.jpg\" width=\"640\" height=\"800\" srcset=\"https:\/\/dasdessert.ch\/wp-content\/uploads\/2017\/05\/2-18.jpg 640w, https:\/\/dasdessert.ch\/wp-content\/uploads\/2017\/05\/2-18-240x300.jpg 240w\" sizes=\"(max-width: 640px) 100vw, 640px\" title=\"2\" alt=\"\" \t\tclass=\"so-widget-image\"\/>\n<\/div>\n\n<\/div><\/div><\/div><div id=\"pgc-91-1-2\"  class=\"panel-grid-cell\" ><div id=\"panel-91-1-2-0\" class=\"so-panel widget widget_sow-image panel-first-child panel-last-child\" data-index=\"3\" ><div class=\"so-widget-sow-image so-widget-sow-image-default-d6014b76747a\">\n\n<div class=\"sow-image-container\">\n\t<img src=\"https:\/\/dasdessert.ch\/wp-content\/uploads\/2017\/05\/3-12.jpg\" width=\"640\" height=\"800\" srcset=\"https:\/\/dasdessert.ch\/wp-content\/uploads\/2017\/05\/3-12.jpg 640w, https:\/\/dasdessert.ch\/wp-content\/uploads\/2017\/05\/3-12-240x300.jpg 240w\" sizes=\"(max-width: 640px) 100vw, 640px\" title=\"3\" alt=\"\" \t\tclass=\"so-widget-image\"\/>\n<\/div>\n\n<\/div><\/div><\/div><\/div><div id=\"pg-91-2\"  class=\"panel-grid panel-no-style\" ><div id=\"pgc-91-2-0\"  class=\"panel-grid-cell\" ><div id=\"panel-91-2-0-0\" class=\"so-panel widget widget_sow-editor panel-first-child panel-last-child\" data-index=\"4\" ><div class=\"so-widget-sow-editor so-widget-sow-editor-base\">\n<div class=\"siteorigin-widget-tinymce textwidget\">\n\t<p style=\"text-align: center;\">Preisbeispiel Hochzeitstorte<\/p>\n<p style=\"text-align: center;\">40 Personen, CHF 700.-<\/p>\n<\/div>\n<\/div><\/div><\/div><div id=\"pgc-91-2-1\"  class=\"panel-grid-cell\" ><div id=\"panel-91-2-1-0\" class=\"so-panel widget widget_sow-editor panel-first-child panel-last-child\" data-index=\"5\" ><div class=\"so-widget-sow-editor so-widget-sow-editor-base\">\n<div class=\"siteorigin-widget-tinymce textwidget\">\n\t<p style=\"text-align: center;\">Preisbeispiel Hochzeitstorte<\/p>\n<p style=\"text-align: center;\">20 Personen, CHF 300.-<\/p>\n<\/div>\n<\/div><\/div><\/div><div id=\"pgc-91-2-2\"  class=\"panel-grid-cell\" ><div id=\"panel-91-2-2-0\" class=\"so-panel widget widget_sow-editor panel-first-child panel-last-child\" data-index=\"6\" ><div class=\"so-widget-sow-editor so-widget-sow-editor-base\">\n<div class=\"siteorigin-widget-tinymce textwidget\">\n\t<p style=\"text-align: center;\">Preisbeispiel Motivtorte<\/p>\n<p style=\"text-align: center;\">20 Personen, CHF 220.-<\/p>\n<\/div>\n<\/div><\/div><\/div><\/div><\/div>","protected":false},"excerpt":{"rendered":"<p>Torten Alle Torten werden von mir nach Ihren pers\u00f6nlichen W\u00fcnschen und Vorstellungen mit viel Liebe frisch gebacken und mit aufw\u00e4ndigen von Hand angefertigten Zuckerkreationen dekoriert. Der Preis ist daher sehr variabel und h\u00e4ngt letztendlich von der Gr\u00f6sse &amp; der Dekoration &hellip; <a class=\"kt-excerpt-readmore\" href=\"https:\/\/dasdessert.ch\/?page_id=91\" aria-label=\"Preisgestaltung\">Read More<\/a><\/p>\n","protected":false},"author":1,"featured_media":0,"parent":31,"menu_order":2,"comment_status":"closed","ping_status":"closed","template":"page-fullwidth.php","meta":[],"_links":{"self":[{"href":"https:\/\/dasdessert.ch\/index.php?rest_route=\/wp\/v2\/pages\/91"}],"collection":[{"href":"https:\/\/dasdessert.ch\/index.php?rest_route=\/wp\/v2\/pages"}],"about":[{"href":"https:\/\/dasdessert.ch\/index.php?rest_route=\/wp\/v2\/types\/page"}],"author":[{"embeddable":true,"href":"https:\/\/dasdessert.ch\/index.php?rest_route=\/wp\/v2\/users\/1"}],"replies":[{"embeddable":true,"href":"https:\/\/dasdessert.ch\/index.php?rest_route=%2Fwp%2Fv2%2Fcomments&post=91"}],"version-history":[{"count":53,"href":"https:\/\/dasdessert.ch\/index.php?rest_route=\/wp\/v2\/pages\/91\/revisions"}],"predecessor-version":[{"id":366,"href":"https:\/\/dasdessert.ch\/index.php?rest_route=\/wp\/v2\/pages\/91\/revisions\/366"}],"up":[{"embeddable":true,"href":"https:\/\/dasdessert.ch\/index.php?rest_route=\/wp\/v2\/pages\/31"}],"wp:attachment":[{"href":"https:\/\/dasdessert.ch\/index.php?rest_route=%2Fwp%2Fv2%2Fmedia&parent=91"}],"curies":[{"name":"wp","href":"https:\/\/api.w.org\/{rel}","templated":true}]}}